{"id":30801,"date":"2022-06-05T17:57:30","date_gmt":"2022-06-05T15:57:30","guid":{"rendered":"http:\/\/2022.mainwunder.de\/?page_id=30801"},"modified":"2022-06-13T17:15:53","modified_gmt":"2022-06-13T15:15:53","slug":"about-us","status":"publish","type":"page","link":"https:\/\/mainwunder.de\/en\/about-us\/","title":{"rendered":"About us"},"content":{"rendered":"<div class=\"wpb-content-wrapper\"><p>[vc_section bklyn_section_anchor_id=&#8221;About&#8221; el_name=&#8221;Welcome Section&#8221;][vc_row equal_height=&#8221;yes&#8221; el_name=&#8221;Section Title&#8221;][vc_column]<div class=\"wpb_content_element \"><style type=\"text\/css\">#ut_header_69e1101f58609 h2.section-title { font-size:40px !important; }<\/style><header id=\"ut_header_69e1101f58609\" class=\"section-header  ut-no-title-linebreak-mobile ut-no-lead-linebreak-mobile pt-style-2 header-center header-tablet-center header-mobile-center\"><h2 data-title=\"Only a strong team can achieve great things\" data-effect=\"fadeIn\" data-animateonce=\"yes\" data-delay=\"0\" data-responsive-font=\"section_title\" data-responsive-font-settings=\"{&quot;base-font-size&quot;:&quot;40&quot;,&quot;font-size-unit&quot;:&quot;px&quot;,&quot;font-size&quot;:{&quot;desktop_large&quot;:&quot;40&quot;},&quot;base-line-height&quot;:&quot;global&quot;,&quot;base-letter-spacing&quot;:&quot;global&quot;}\" class=\"section-title ut-animate-element animated ut-no-animation-tablet ut-no-animation-mobile \"><span>Only a strong team can achieve great things<\/span><\/h2><div data-effect=\"fadeIn\" data-animateonce=\"yes\" data-delay=\"200\" class=\"lead ut-animate-element animated ut-no-animation-tablet ut-no-animation-mobile\"><p>We are a young, dynamic team with creative minds from <b>bookmarketing, social media, influencer marketing, video production and design<\/b>.<\/p>\n<\/div><\/header><\/div><style type=\"text\/css\">#bklyn_btn_69e1101f5d916 .bklyn-btn { color:#ffffff !important; background-color:#da496e !important; }#bklyn_btn_69e1101f5d916 .bklyn-btn:hover{ color:#ffffff !important; background-color:rgba(21, 21, 21, 0.9) !important; }#bklyn_btn_69e1101f5d916 .bklyn-btn:focus{ color:#ffffff !important; background-color:rgba(21, 21, 21, 0.9) !important; }#bklyn_btn_69e1101f5d916 .bklyn-btn:active { color:#ffffff !important; background-color:rgba(21, 21, 21, 0.9) !important; }#bklyn_btn_69e1101f5d916 a.bklyn-btn { font-weight:600 !important; }#bklyn_btn_69e1101f5d916.bklyn-btn-header a.bklyn-btn { font-weight:600 !important; }#bklyn_btn_69e1101f5d916.bklyn-btn-header a.bklyn-btn span { font-weight:600 !important; }#bklyn_btn_69e1101f5d916 a.bklyn-btn { font-family:inherit !important; }#bklyn_btn_69e1101f5d916 a.bklyn-btn { letter-spacing:0.05em !important; }#bklyn_btn_69e1101f5d916 a i:before { font-size:20px; }<\/style><div id=\"bklyn_btn_69e1101f5d916\" class=\"bklyn-btn-holder  bklyn-btn-center bklyn-btn-tablet-center bklyn-btn-mobile-center\"><a title=\"\" data-effect=\"fadeIn\" data-animateonce=\"yes\" data-delay=\"400\"  href=\"mailto:anfragen@mainwunder.de\" target=\"_blank\" class=\"bklyn-btn  bklyn-btn-icon-left ut-animate-element animated ut-no-animation-tablet ut-no-animation-mobile bklyn-btn-normal\" ><i class=\"fa fa-comments\"><\/i><span class=\"ut-btn-text\">Contact us<\/span><\/a><\/div>[\/vc_column][\/vc_row][vc_row][vc_column][vc_column_text]Making books big with passion &#8211; that has been the credo of mainwunder from the very beginning. Founder Tanja R\u00f6rsch started mainwunder 8 years ago, before that she was responsible for marketing and communication in large brand companies in the food &amp; beverage and pharmaceutical sector. Her relaxed but effective working style, close cooperation with clients and attitude to think big and make the impossible possible is based on her years of experience in communicating numerous crisis situations such as product recall or criticism, global restructuring or actions of political opponents. Having washed her hands of all waters, she then ventured into the book industry in 2014 and founded mainwunder as the first book marketing agency in Germany with a focus on online and influencer marketing.<\/p>\n<p>Since then, mainwunder has been working with publishers and authors to turn books into bestsellers. Its secret weapon: its large network of more than 1,000 influencers on Instagram, Facebook, book blogs and YouTube, which it uses to make the online world shake with creative, unique campaigns. This does not simply involve sending books to influencers, but rather accompanying them for weeks as part of a themed campaign in order to achieve the greatest reach and thus the greatest effect for customers.<\/p>\n<p>Accompanying measures around book publishing, events, social media and community building as well as Amazon marketing, reader promotions and content management, mainwunder has since developed into a respected full service book marketing agency in the book industry that is second to none.<\/p>\n<p>mainwunder not only makes books great, mainwunder makes bestsellers above all. The clout of mainwunder campaigns is such that with its help it succeeds in turning books into bestsellers.<\/p>\n<p>Meanwhile, a dynamic team of five works to make books big and customers happy.<\/p>\n<p>Whether you entrust mainwunder with the marketing of your books on a permanent basis or would like to book the agency for a specific campaign, managing director Tanja R\u00f6rsch looks forward to your call at +49 6103 5091606 or your e-mail at anfragen@mainwunder.de<\/p>\n<p>&nbsp;[\/vc_column_text][\/vc_column][\/vc_row][vc_row][vc_column width=&#8221;1\/5&#8243;]<div class=\"wpb_content_element  vc_custom_1619447555549\"><style type=\"text\/css\">#ut_tm_69e1101f5e08f .bklyn5-team-member-name { color: #ffffff; }#ut_tm_69e1101f5e08f.bklyn5-team-member .bklyn5-team-member-social-icons > *::before { background: #ffffff; }#ut_tm_69e1101f5e08f .bklyn5-team-member-ocupation { color: #da496e; }#ut_tm_69e1101f5e08f .bklyn5-team-member-ocupation { font-weight: 600; }#ut_tm_69e1101f5e08f .bklyn5-team-member-ocupation { letter-spacing: 0.05em; }#ut_tm_69e1101f5e08f .bklyn5-team-member-social-icons a { color: #ffffff; }#ut_tm_69e1101f5e08f .bklyn5-team-member-social-icons a:visited { color: #ffffff; }#ut_tm_69e1101f5e08f .bklyn5-team-member-social-icons a:hover { color: #da496e; }#ut_tm_69e1101f5e08f .bklyn5-team-member-social-icons a:focus { color: #da496e; }#ut_tm_69e1101f5e08f .bklyn5-team-member-social-icons a:active { color: #da496e; }#ut_tm_69e1101f5e08f .bklyn5-team-member-overlay { background: rgba(0, 0, 0, 0.65); }<\/style><div id=\"ut_tm_69e1101f5e08f\" class=\"bklyn5-team-member bklyn5-team-member-style-3 bklyn5-team-member-left\"><a title=\"\" href=\"mailto:tanja.roersch@mainwunder.de\" target=\"_blank\" ><div class=\"bklyn5-team-member-avatar\">\r\n        <img loading=\"lazy\" decoding=\"async\" data-adaptive-images=\"[]\" alt=\"Tanja R\u00f6rsch\" src=\"data:image\/svg+xml;charset=utf-8,%3Csvg xmlns%3D&#039;http%3A%2F%2Fwww.w3.org%2F2000%2Fsvg&#039; viewBox%3D&#039;0 0 1300 867&#039;%2F%3E\" width=\"1300\" height=\"867\" data-src=\"\" data-image-id=\"6896\" class=\"ut-adaptive-image wp-post-image skip-lazy \">\r\n\r\n        <\/div><\/a><div class=\"bklyn5-team-member-overlay\"><div class=\"bklyn5-team-member-overlay-caption\"><div class=\"bklyn5-team-member-info\"><h3 class=\"bklyn5-team-member-name\">Tanja R\u00f6rsch<\/h3><div class=\"bklyn5-team-member-ocupation\">Gr\u00fcnderin und Gesch\u00e4ftsf\u00fchrerin<\/div><\/div><\/div><\/div><\/div><\/div>[\/vc_column][vc_column width=&#8221;1\/5&#8243;]<div class=\"wpb_content_element  vc_custom_1619451746230\"><style type=\"text\/css\">#ut_tm_69e1101f5e1ac .bklyn5-team-member-name { color: #ffffff; }#ut_tm_69e1101f5e1ac.bklyn5-team-member .bklyn5-team-member-social-icons > *::before { background: #ffffff; }#ut_tm_69e1101f5e1ac .bklyn5-team-member-ocupation { color: #da496e; }#ut_tm_69e1101f5e1ac .bklyn5-team-member-ocupation { font-weight: 600; }#ut_tm_69e1101f5e1ac .bklyn5-team-member-ocupation { letter-spacing: 0.05em; }#ut_tm_69e1101f5e1ac .bklyn5-team-member-social-icons a { color: #ffffff; }#ut_tm_69e1101f5e1ac .bklyn5-team-member-social-icons a:visited { color: #ffffff; }#ut_tm_69e1101f5e1ac .bklyn5-team-member-social-icons a:hover { color: #da496e; }#ut_tm_69e1101f5e1ac .bklyn5-team-member-social-icons a:focus { color: #da496e; }#ut_tm_69e1101f5e1ac .bklyn5-team-member-social-icons a:active { color: #da496e; }#ut_tm_69e1101f5e1ac .bklyn5-team-member-overlay { background: rgba(0,0,0,0.65); }<\/style><div id=\"ut_tm_69e1101f5e1ac\" class=\"bklyn5-team-member bklyn5-team-member-style-3 bklyn5-team-member-left\"><a title=\"\" href=\"#\" target=\"_self\" ><div class=\"bklyn5-team-member-avatar\">\r\n        <img loading=\"lazy\" decoding=\"async\" data-adaptive-images=\"[]\" alt=\"Nina\" src=\"data:image\/svg+xml;charset=utf-8,%3Csvg xmlns%3D&#039;http%3A%2F%2Fwww.w3.org%2F2000%2Fsvg&#039; viewBox%3D&#039;0 0 1300 867&#039;%2F%3E\" width=\"1300\" height=\"867\" data-src=\"\" data-image-id=\"6897\" class=\"ut-adaptive-image wp-post-image skip-lazy \">\r\n\r\n        <\/div><\/a><div class=\"bklyn5-team-member-overlay\"><div class=\"bklyn5-team-member-overlay-caption\"><div class=\"bklyn5-team-member-info\"><h3 class=\"bklyn5-team-member-name\">Nina Wacht<\/h3><div class=\"bklyn5-team-member-ocupation\">Leiterin Social Media &amp; Influencer Marketing<\/div><\/div><\/div><\/div><\/div><\/div>[\/vc_column][vc_column width=&#8221;1\/5&#8243;]<div class=\"wpb_content_element  vc_custom_1619447619670\"><style type=\"text\/css\">#ut_tm_69e1101f5e26f .bklyn5-team-member-name { color: #ffffff; }#ut_tm_69e1101f5e26f.bklyn5-team-member .bklyn5-team-member-social-icons > *::before { background: #ffffff; }#ut_tm_69e1101f5e26f .bklyn5-team-member-ocupation { color: #da496e; }#ut_tm_69e1101f5e26f .bklyn5-team-member-ocupation { font-weight: 600; }#ut_tm_69e1101f5e26f .bklyn5-team-member-ocupation { letter-spacing: 0.05em; }#ut_tm_69e1101f5e26f .bklyn5-team-member-social-icons a { color: #ffffff; }#ut_tm_69e1101f5e26f .bklyn5-team-member-social-icons a:visited { color: #ffffff; }#ut_tm_69e1101f5e26f .bklyn5-team-member-social-icons a:hover { color: #da496e; }#ut_tm_69e1101f5e26f .bklyn5-team-member-social-icons a:focus { color: #da496e; }#ut_tm_69e1101f5e26f .bklyn5-team-member-social-icons a:active { color: #da496e; }#ut_tm_69e1101f5e26f .bklyn5-team-member-overlay { background: rgba(0,0,0,0.65); }<\/style><div id=\"ut_tm_69e1101f5e26f\" class=\"bklyn5-team-member bklyn5-team-member-style-3 bklyn5-team-member-left\"><a title=\"\" href=\"#\" target=\"_self\" ><div class=\"bklyn5-team-member-avatar\">\r\n        <img loading=\"lazy\" decoding=\"async\" data-adaptive-images=\"[]\" alt=\"Alex\" src=\"data:image\/svg+xml;charset=utf-8,%3Csvg xmlns%3D&#039;http%3A%2F%2Fwww.w3.org%2F2000%2Fsvg&#039; viewBox%3D&#039;0 0 1300 867&#039;%2F%3E\" width=\"1300\" height=\"867\" data-src=\"\" data-image-id=\"6899\" class=\"ut-adaptive-image wp-post-image skip-lazy \">\r\n\r\n        <\/div><\/a><div class=\"bklyn5-team-member-overlay\"><div class=\"bklyn5-team-member-overlay-caption\"><div class=\"bklyn5-team-member-info\"><h3 class=\"bklyn5-team-member-name\">Alexandra Sch\u00fctte<\/h3><div class=\"bklyn5-team-member-ocupation\">Instagram Marketing<\/div><\/div><\/div><\/div><\/div><\/div>[\/vc_column][vc_column width=&#8221;1\/5&#8243;]<div class=\"wpb_content_element  vc_custom_1619447590613\"><style type=\"text\/css\">#ut_tm_69e1101f5e33f .bklyn5-team-member-name { color: #ffffff; }#ut_tm_69e1101f5e33f.bklyn5-team-member .bklyn5-team-member-social-icons > *::before { background: #ffffff; }#ut_tm_69e1101f5e33f .bklyn5-team-member-ocupation { color: #da496e; }#ut_tm_69e1101f5e33f .bklyn5-team-member-ocupation { font-weight: 600; }#ut_tm_69e1101f5e33f .bklyn5-team-member-ocupation { letter-spacing: 0.05em; }#ut_tm_69e1101f5e33f .bklyn5-team-member-social-icons a { color: #ffffff; }#ut_tm_69e1101f5e33f .bklyn5-team-member-social-icons a:visited { color: #ffffff; }#ut_tm_69e1101f5e33f .bklyn5-team-member-social-icons a:hover { color: #da496e; }#ut_tm_69e1101f5e33f .bklyn5-team-member-social-icons a:focus { color: #da496e; }#ut_tm_69e1101f5e33f .bklyn5-team-member-social-icons a:active { color: #da496e; }#ut_tm_69e1101f5e33f .bklyn5-team-member-overlay { background: rgba(0,0,0,0.65); }<\/style><div id=\"ut_tm_69e1101f5e33f\" class=\"bklyn5-team-member bklyn5-team-member-style-3 bklyn5-team-member-left\"><a title=\"\" href=\"#\" target=\"_self\" ><div class=\"bklyn5-team-member-avatar\">\r\n        <img loading=\"lazy\" decoding=\"async\" data-adaptive-images=\"[]\" alt=\"Basti\" src=\"data:image\/svg+xml;charset=utf-8,%3Csvg xmlns%3D&#039;http%3A%2F%2Fwww.w3.org%2F2000%2Fsvg&#039; viewBox%3D&#039;0 0 1300 867&#039;%2F%3E\" width=\"1300\" height=\"867\" data-src=\"\" data-image-id=\"6900\" class=\"ut-adaptive-image wp-post-image skip-lazy \">\r\n\r\n        <\/div><\/a><div class=\"bklyn5-team-member-overlay\"><div class=\"bklyn5-team-member-overlay-caption\"><div class=\"bklyn5-team-member-info\"><h3 class=\"bklyn5-team-member-name\">Bastian Kaja<\/h3><div class=\"bklyn5-team-member-ocupation\">Video-Creator Werbung &amp; Social Media \/ Buchtrailer Produktion<\/div><div class=\"bklyn5-team-member-social-icons \"><ul><li><a title=\"\" href=\"#\" target=\"_self\" ><i class=\"fa fa-linkedin\"><\/i><\/a><\/li><li><a title=\"\" href=\"#\" target=\"_self\" ><i class=\"fa fa-steam-square\"><\/i><\/a><\/li><li><a title=\"\" href=\"#\" target=\"_self\" ><i class=\"fa fa-behance\"><\/i><\/a><\/li><\/ul><\/div><\/div><\/div><\/div><\/div><\/div>[\/vc_column][vc_column width=&#8221;1\/5&#8243;]<div class=\"wpb_content_element  vc_custom_1653230698585\"><style type=\"text\/css\">#ut_tm_69e1101f5ea74 .bklyn5-team-member-name { color: #ffffff; }#ut_tm_69e1101f5ea74.bklyn5-team-member .bklyn5-team-member-social-icons > *::before { background: #ffffff; }#ut_tm_69e1101f5ea74 .bklyn5-team-member-ocupation { color: #da496e; }#ut_tm_69e1101f5ea74 .bklyn5-team-member-ocupation { font-weight: 600; }#ut_tm_69e1101f5ea74 .bklyn5-team-member-ocupation { letter-spacing: 0.05em; }#ut_tm_69e1101f5ea74 .bklyn5-team-member-social-icons a { color: #ffffff; }#ut_tm_69e1101f5ea74 .bklyn5-team-member-social-icons a:visited { color: #ffffff; }#ut_tm_69e1101f5ea74 .bklyn5-team-member-social-icons a:hover { color: #da496e; }#ut_tm_69e1101f5ea74 .bklyn5-team-member-social-icons a:focus { color: #da496e; }#ut_tm_69e1101f5ea74 .bklyn5-team-member-social-icons a:active { color: #da496e; }#ut_tm_69e1101f5ea74 .bklyn5-team-member-overlay { background: rgba(0,0,0,0.65); }<\/style><div id=\"ut_tm_69e1101f5ea74\" class=\"bklyn5-team-member bklyn5-team-member-style-3 bklyn5-team-member-left\"><a title=\"\" href=\"#\" target=\"_self\" ><div class=\"bklyn5-team-member-avatar\">\r\n        <img loading=\"lazy\" decoding=\"async\" data-adaptive-images=\"[]\" alt=\"Mitarbeiterin\" src=\"data:image\/svg+xml;charset=utf-8,%3Csvg xmlns%3D&#039;http%3A%2F%2Fwww.w3.org%2F2000%2Fsvg&#039; viewBox%3D&#039;0 0 1300 867&#039;%2F%3E\" width=\"1300\" height=\"867\" data-src=\"\" data-image-id=\"28368\" class=\"ut-adaptive-image wp-post-image skip-lazy \">\r\n\r\n        <\/div><\/a><div class=\"bklyn5-team-member-overlay\"><div class=\"bklyn5-team-member-overlay-caption\"><div class=\"bklyn5-team-member-info\"><h3 class=\"bklyn5-team-member-name\">Jaqueline Kropmanns<\/h3><div class=\"bklyn5-team-member-ocupation\">Grafikdesign<\/div><\/div><\/div><\/div><\/div><\/div>[\/vc_column][\/vc_row][vc_row css=&#8221;.vc_custom_1653317554465{background-color: #000000 !important;}&#8221;][vc_column]\r\n            <script type=\"text\/javascript\">\r\n\r\n                if( window.ut_rotator_words === undefined  ) {\r\n\r\n                    window.ut_rotator_words = [];\r\n\r\n                }\r\n\r\n                window.ut_rotator_words['ut_word_rotator_69e1101f5eae1'] = [\"We are working with influencers of all genres\",\"&#8230;Books\",\"&#8230;Kids &#038; Family\",\"&#8230;Home &#038; Interieur\",\"&#8230;Lifestyle-Brands\",\"&#8230;Environment\",\"&#8230;Health &#038; Beauty\",\"&#8230;Empowerment\"];\r\n\r\n            <\/script>\r\n\r\n\t        <style type=\"text\/css\">#ut_word_rotator_69e1101f5eae0 span.ut-word-rotator{ font-size: 40px }#ut_word_rotator_69e1101f5eae0 span.ut-word-rotator { line-height: 100%; }#ut_word_rotator_69e1101f5eae0 span.ut-word-rotator { text-transform: uppercase; }#ut_word_rotator_69e1101f5eae0 { text-align: center; }@media (min-width: 768px) and (max-width: 1024px) { #ut_word_rotator_69e1101f5eae0 { text-align: center; } }@media (max-width: 767px) { #ut_word_rotator_69e1101f5eae0 { text-align: center; } }#ut_word_rotator_69e1101f5eae0 span.ut-word-rotator { color: #ffffff !important; }<\/style><div id=\"ut_word_rotator_69e1101f5eae0\" class=\"ut-word-rotator-wrap wpb_content_element \" ><span id=\"ut_word_rotator_69e1101f5eae1\" class=\" ut-word-rotator-typewriter ut-word-rotator\" data-responsive-font=\"span\" data-responsive-font-settings=\"{&quot;base-font-size&quot;:&quot;40&quot;}\" data-id=\"ut_word_rotator_69e1101f5eae1\" data-settings=\"{&quot;word_effect&quot;:&quot;typewriter&quot;,&quot;timer&quot;:2000,&quot;effect_timer&quot;:0,&quot;glitch&quot;:&quot;off&quot;,&quot;cursor&quot;:&quot;|&quot;,&quot;wait_for_preloader&quot;:true}\"><div data-title=\"We are working with influencers of all genres\">We are working with influencers of all genres<\/div><\/span><\/div>[\/vc_column][\/vc_row][vc_row][\/vc_row][vc_row][vc_column]<div class=\"wpb_content_element \"><style type=\"text\/css\">#ut_header_69e1101f5f2dd h2.section-title { font-size:30px !important; }<\/style><header id=\"ut_header_69e1101f5f2dd\" class=\"section-header  ut-no-title-linebreak-mobile ut-no-lead-linebreak-mobile pt-style-2 header-center header-tablet-center header-mobile-center\"><h2 data-title=\"Transformation\"  data-responsive-font=\"section_title\" data-responsive-font-settings=\"{&quot;base-font-size&quot;:&quot;global&quot;,&quot;font-size&quot;:{&quot;desktop_large&quot;:&quot;30&quot;},&quot;base-line-height&quot;:&quot;global&quot;,&quot;base-letter-spacing&quot;:&quot;global&quot;}\" class=\"section-title  \"><span>Transformation<\/span><\/h2><\/header><\/div><style type=\"text\/css\">#ut_simple_time_line_69e1101f5fe3b .ut-simple-time-line-event-subtitle { margin-bottom: 25px; }#ut_simple_time_line_69e1101f5fe3b::before { border-color: #da496e; }#ut_simple_time_line_69e1101f5fe3b .ut-simple-time-line-event-title { color: #da496e; }#ut_simple_time_line_69e1101f5fe3b .ut-simple-time-line-event-subtitle { color: #000000; }#ut_simple_time_line_69e1101f5fe3b .ut-simple-time-line-event-animation { opacity:0; }#ut_simple_time_line_69e1101f5fe3b .ut-marker-large-animation-1 { border-style: solid; }#ut_simple_time_line_69e1101f5fe3b .ut-marker-large-animation-2 { border-style: solid; }#ut_simple_time_line_69e1101f5fe3b .ut-marker-large-animation-3 { border-style: solid; }#ut_simple_time_line_69e1101f5fe3b .ut-marker-large-animation-4 { border-style: solid; }<\/style><div id=\"ut_simple_time_line_69e1101f5fe3b\" class=\"ut-simple-time-line-wrap\" data-settings=\"{&quot;animate&quot;:true,&quot;delay_animation&quot;:true,&quot;global_delay_animation&quot;:false,&quot;delay_timer&quot;:200,&quot;delay_timer_marker&quot;:100,&quot;animation_style_marker&quot;:&quot;none&quot;,&quot;global_delay_timer&quot;:200}\"><div class=\"ut-simple-time-line  clearfix\"><div class=\"ut-simple-time-line-event\"><div  class=\"ut-simple-time-line-event-marker ut-simple-time-line-event-marker-large \"><\/div><div data-animateonce=\"yes\" data-effect=\"fadeInLeft\" class=\"ut-simple-time-line-event-animation ut-animate-simple-time-line-event animated ut-no-animation-tablet ut-no-animation-mobile\"><div class=\"ut-simple-time-line-event-image\"><img decoding=\"async\" class=\"ut-lazy\" src=\"#\" data-src=\"https:\/\/mainwunder.de\/wp-content\/uploads\/2022\/05\/Bildschirmfoto-2022-05-22-um-17.24.37-650x433.png\"><\/div><div class=\"ut-simple-time-line-event-title\">2014<\/div><h3 class=\"ut-simple-time-line-event-subtitle\">Established<\/h3><div class=\"ut-simple-time-line-event-text\"><p>mainwunder starts as the first german bookmarketing agency in Frankfurt am Main, Germany.<\/p><\/div><\/div><\/div><div class=\"ut-simple-time-line-event\"><div  class=\"ut-simple-time-line-event-marker ut-simple-time-line-event-marker-large \"><\/div><div data-animateonce=\"yes\" data-effect=\"fadeInRight\" class=\"ut-simple-time-line-event-animation ut-animate-simple-time-line-event animated ut-no-animation-tablet ut-no-animation-mobile\"><div class=\"ut-simple-time-line-event-image\"><img decoding=\"async\" class=\"ut-lazy\" src=\"#\" data-src=\"https:\/\/mainwunder.de\/wp-content\/uploads\/2022\/05\/Bildschirmfoto-2022-05-22-um-17.21.39-650x433.png\"><\/div><div class=\"ut-simple-time-line-event-title\">2019<\/div><h3 class=\"ut-simple-time-line-event-subtitle\">5 Years mainwunder<\/h3><div class=\"ut-simple-time-line-event-text\"><p>We celebrate our 5th agency anniversary with a big party and a more modern logo.<br \/>\n<\/p><\/div><\/div><\/div><div class=\"ut-simple-time-line-event\"><div  class=\"ut-simple-time-line-event-marker ut-simple-time-line-event-marker-large \"><\/div><div data-animateonce=\"yes\" data-effect=\"fadeInLeft\" class=\"ut-simple-time-line-event-animation ut-animate-simple-time-line-event animated ut-no-animation-tablet ut-no-animation-mobile\"><div class=\"ut-simple-time-line-event-image\"><img decoding=\"async\" class=\"ut-lazy\" src=\"#\" data-src=\"https:\/\/mainwunder.de\/wp-content\/uploads\/2022\/05\/Untitled-design-41-650x433.png\"><\/div><div class=\"ut-simple-time-line-event-title\">2022<\/div><h3 class=\"ut-simple-time-line-event-subtitle\">Mainwunder Media House<\/h3><div class=\"ut-simple-time-line-event-text\"><p>mainwunder goes Mainwunder Media House, with more services also for international customers.<\/p><\/div><\/div><\/div><div class=\"ut-simple-time-line-event\"><div  class=\"ut-simple-time-line-event-marker ut-simple-time-line-event-marker-small \"><\/div><div data-animateonce=\"yes\" data-effect=\"fadeInRight\" class=\"ut-simple-time-line-event-animation ut-animate-simple-time-line-event animated ut-no-animation-tablet ut-no-animation-mobile\"><\/div><\/div><\/div><div class=\"clear\"><\/div><\/div>[\/vc_column][vc_column width=&#8221;1\/3&#8243;][ut_number_counter caption_text_transform=&#8221;uppercase&#8221; caption_font_size=&#8221;15&#8243; counter_prefix_font_weight=&#8221;&#8221; counter_suffix_font_weight=&#8221;&#8221; to=&#8221;2500&#8243;]Influencer and blogger in our network[\/ut_number_counter][\/vc_column][vc_column width=&#8221;1\/3&#8243;][ut_number_counter caption_text_transform=&#8221;uppercase&#8221; caption_font_size=&#8221;15&#8243; counter_prefix_font_weight=&#8221;&#8221; counter_suffix_font_weight=&#8221;&#8221; to=&#8221;All&#8221;]Genres[\/ut_number_counter][\/vc_column][vc_column width=&#8221;1\/3&#8243;][ut_number_counter caption_text_transform=&#8221;uppercase&#8221; caption_font_size=&#8221;15&#8243; counter_prefix_font_weight=&#8221;&#8221; counter_suffix_font_weight=&#8221;&#8221; to=&#8221;Endless&#8221;]Possibilities[\/ut_number_counter][\/vc_column][\/vc_row][\/vc_section]<\/p>\n<\/div>","protected":false},"excerpt":{"rendered":"<p>[vc_section bklyn_section_anchor_id=&#8221;About&#8221; el_name=&#8221;Welcome Section&#8221;][vc_row equal_height=&#8221;yes&#8221; el_name=&#8221;Section Title&#8221;][vc_column][\/vc_column][\/vc_row][vc_row][vc_column][vc_column_text]Making books big with passion &#8211; that has been the credo of mainwunder from the very beginning. Founder Tanja R\u00f6rsch started mainwunder 8 years ago, before that she was responsible for marketing and communication in large brand companies in the food &amp; beverage and pharmaceutical sector. Her relaxed but [&hellip;]<\/p>\n","protected":false},"author":2,"featured_media":0,"parent":0,"menu_order":0,"comment_status":"closed","ping_status":"closed","template":"","meta":{"footnotes":""},"class_list":["post-30801","page","type-page","status-publish","hentry"],"_links":{"self":[{"href":"https:\/\/mainwunder.de\/en\/wp-json\/wp\/v2\/pages\/30801","targetHints":{"allow":["GET"]}}],"collection":[{"href":"https:\/\/mainwunder.de\/en\/wp-json\/wp\/v2\/pages"}],"about":[{"href":"https:\/\/mainwunder.de\/en\/wp-json\/wp\/v2\/types\/page"}],"author":[{"embeddable":true,"href":"https:\/\/mainwunder.de\/en\/wp-json\/wp\/v2\/users\/2"}],"replies":[{"embeddable":true,"href":"https:\/\/mainwunder.de\/en\/wp-json\/wp\/v2\/comments?post=30801"}],"version-history":[{"count":3,"href":"https:\/\/mainwunder.de\/en\/wp-json\/wp\/v2\/pages\/30801\/revisions"}],"predecessor-version":[{"id":31577,"href":"https:\/\/mainwunder.de\/en\/wp-json\/wp\/v2\/pages\/30801\/revisions\/31577"}],"wp:attachment":[{"href":"https:\/\/mainwunder.de\/en\/wp-json\/wp\/v2\/media?parent=30801"}],"curies":[{"name":"wp","href":"https:\/\/api.w.org\/{rel}","templated":true}]}}